{"id":72,"date":"2025-11-26T22:53:53","date_gmt":"2025-11-26T22:53:53","guid":{"rendered":"https:\/\/hisauspeha.pozabil.com\/?page_id=72"},"modified":"2026-01-15T13:41:56","modified_gmt":"2026-01-15T13:41:56","slug":"o-meni","status":"publish","type":"page","link":"https:\/\/hisauspeha.pozabil.com\/?page_id=72","title":{"rendered":"O MENI"},"content":{"rendered":"\n<p><strong>Kristina Zupan\u010di\u010d, prof. defektologije | senzorna pedagoginja<\/strong><\/p>\n\n\n\n<p>Sem profesorica defektologije z ve\u010d kot\u00a0<strong>25 leti izku\u0161enj<\/strong>\u00a0na podro\u010dju dela z otroki in<br>mladostniki z u\u010dnimi, razvojnimi, senzornimi ter socialno-\u010dustvenimi izzivi. Svoje<br>strokovno delo opravljam na\u00a0<strong>Osnovni \u0161oli Rodica<\/strong>, kjer izvajam dodatno strokovno<br>pomo\u010d, specialnopedago\u0161ko diagnostiko ter individualne in skupinske obravnave otrok.<\/p>\n\n\n\n<p><br>Delujem tudi kot\u00a0predsednica <strong>Komisije za usmerjanje otrok<\/strong>\u00a0pri Zavodu RS za<br>\u0161olstvo, sodelujem v \u0161tevilnih nacionalnih in mednarodnih projektih (Erasmus+, razvojni<br>in inovacijski projekti) ter sem vodila ve\u010d strokovnih timov in projektov s podro\u010dja<br>u\u010denja, gibanja, mi\u0161ljenja in formativnega spremljanja.<\/p>\n\n\n\n<p><br>Posebno strokovno podro\u010dje mojega dela je\u00a0<strong>senzorna integracija<\/strong>, sem <strong>senzorni<br>pedagog<\/strong>, v praksi pa \u017ee vrsto let uporabljam senzorno podprte pristope pri delu z<br>otroki, ki imajo te\u017eave s pozornostjo, samoregulacijo, u\u010denjem in \u010dustveno stabilnostjo.<\/p>\n\n\n\n<p><strong>Najpomembnej\u0161a strokovna usposabljanja in izobra\u017eevanja (izbor):<\/strong><\/p>\n\n\n\n<ul class=\"wp-block-list\">\n<li>Senzorna integracija za pedagoge<\/li>\n\n\n\n<li>Baterija za oceno otrokovega gibanja\u00a0<strong>ABC-2<\/strong><\/li>\n\n\n\n<li><strong>WRITIC<\/strong>\u00a0\u2013 ocenjevanje pripravljenosti za pisanje<\/li>\n\n\n\n<li>Bralni preizkusi in presejalni testi branja<\/li>\n\n\n\n<li><strong>SNAP<\/strong>\u00a0<\/li>\n\n\n\n<li>Presoja\u00a0<strong>Skotopi\u010dnega sindroma<\/strong><\/li>\n\n\n\n<li><strong>Feuersteinova kognitivna obogatitev<\/strong><\/li>\n\n\n\n<li><strong>Bal-A-Vis-X\u00a0<\/strong><\/li>\n\n\n\n<li><strong>Gradniki gibanja<\/strong><\/li>\n\n\n\n<li><strong>Brain gym<\/strong><\/li>\n\n\n\n<li><strong>Rhythmic Movement Training (RMT) \u2013 stopnja 1 in 3<\/strong><\/li>\n\n\n\n<li>Mala \u0161ola logopedije<\/li>\n\n\n\n<li>Koordinacija, na\u010drtovanje giba in motnja koordinacije<\/li>\n\n\n\n<li>Delo z otroki in mladostniki z anksiozno in pani\u010dno motnjo<\/li>\n\n\n\n<li>Metode razmi\u0161ljanja po dr. Edwardu de Bonu<\/li>\n\n\n\n<li>\u0160ola za ravnatelje<\/li>\n<\/ul>\n\n\n\n<p>Imam naziv\u00a0<strong>U\u010ditelj vi\u0161ji svetnik\u00a0<\/strong>in bogate izku\u0161nje s svetovanjem star\u0161em ter<br>strokovnim delavcem.<\/p>\n\n\n\n<p>V\u00a0<strong>Hi\u0161i uspeha<\/strong>\u00a0delam z otroki z:<\/p>\n\n\n\n<ul class=\"wp-block-list\">\n<li>u\u010dnimi te\u017eavami in specifi\u010dnimi u\u010dnimi te\u017eavami (disleksija, diskalkulija,<\/li>\n\n\n\n<li>disgrafija),<\/li>\n\n\n\n<li>te\u017eavami s pozornostjo, pomnjenjem in organizacijo u\u010denja,<\/li>\n\n\n\n<li>senzornimi izzivi,<\/li>\n\n\n\n<li>te\u017eavami na podro\u010dju grafomotorike, fine in grobe motorike,<\/li>\n\n\n\n<li>socialno-\u010dustvenimi izzivi.<\/li>\n<\/ul>\n\n\n\n<p>Pri svojem delu zagovarjam\u00a0<strong>celosten in individualiziran pristop<\/strong>. Otroku pomagam<br>prepoznati njegov na\u010din u\u010denja, njegove mo\u010dne strani ter skupaj z njim, star\u0161i in \u0161olo<br>gradimo podporno okolje, ki omogo\u010da ve\u010djo uspe\u0161nost, samozavest in dobro po\u010dutje.<br><\/p>\n\n\n\n<p>Sem tudi\u00a0<strong>mama dveh<\/strong> otrok, kar mi daje dodatno razumevanje za stiske in vpra\u0161anja, s<br>katerimi se sre\u010dujejo dru\u017eine.<\/p>\n\n\n\n<p><\/p>\n","protected":false},"excerpt":{"rendered":"<p>Kristina Zupan\u010di\u010d, prof. defektologije | senzorna pedagoginja Sem profesorica defektologije z ve\u010d kot\u00a025 leti izku\u0161enj\u00a0na podro\u010dju dela z otroki inmladostniki z u\u010dnimi, razvojnimi, senzornimi ter socialno-\u010dustvenimi izzivi. Svojestrokovno delo opravljam na\u00a0Osnovni \u0161oli Rodica, kjer izvajam dodatno strokovnopomo\u010d, specialnopedago\u0161ko diagnostiko ter individualne in skupinske obravnave otrok. Delujem tudi kot\u00a0predsednica Komisije za usmerjanje otrok\u00a0pri Zavodu RS za\u0161olstvo, sodelujem v \u0161tevilnih nacionalnih in mednarodnih projektih (Erasmus+, razvojniin inovacijski projekti) ter sem vodila ve\u010d strokovnih timov in projektov s podro\u010djau\u010denja, gibanja, mi\u0161ljenja in formativnega spremljanja. Posebno strokovno podro\u010dje mojega dela je\u00a0senzorna integracija, sem senzornipedagog, v praksi pa \u017ee vrsto let uporabljam senzorno podprte pristope&#8230; <\/p>\n","protected":false},"author":1,"featured_media":0,"parent":0,"menu_order":3,"comment_status":"closed","ping_status":"closed","template":"","meta":{"footnotes":""},"class_list":["post-72","page","type-page","status-publish","hentry"],"_links":{"self":[{"href":"https:\/\/hisauspeha.pozabil.com\/index.php?rest_route=\/wp\/v2\/pages\/72","targetHints":{"allow":["GET"]}}],"collection":[{"href":"https:\/\/hisauspeha.pozabil.com\/index.php?rest_route=\/wp\/v2\/pages"}],"about":[{"href":"https:\/\/hisauspeha.pozabil.com\/index.php?rest_route=\/wp\/v2\/types\/page"}],"author":[{"embeddable":true,"href":"https:\/\/hisauspeha.pozabil.com\/index.php?rest_route=\/wp\/v2\/users\/1"}],"replies":[{"embeddable":true,"href":"https:\/\/hisauspeha.pozabil.com\/index.php?rest_route=%2Fwp%2Fv2%2Fcomments&post=72"}],"version-history":[{"count":4,"href":"https:\/\/hisauspeha.pozabil.com\/index.php?rest_route=\/wp\/v2\/pages\/72\/revisions"}],"predecessor-version":[{"id":207,"href":"https:\/\/hisauspeha.pozabil.com\/index.php?rest_route=\/wp\/v2\/pages\/72\/revisions\/207"}],"wp:attachment":[{"href":"https:\/\/hisauspeha.pozabil.com\/index.php?rest_route=%2Fwp%2Fv2%2Fmedia&parent=72"}],"curies":[{"name":"wp","href":"https:\/\/api.w.org\/{rel}","templated":true}]}}